{"id":1848,"date":"2017-04-24T14:11:33","date_gmt":"2017-04-24T12:11:33","guid":{"rendered":"https:\/\/palaisdebene.com\/?page_id=1848\/"},"modified":"2017-05-04T15:22:26","modified_gmt":"2017-05-04T13:22:26","slug":"fair-trade","status":"publish","type":"page","link":"https:\/\/palaisdebene.com\/en\/fair-trade\/","title":{"rendered":"Fair Trade"},"content":{"rendered":"<p>[vc_row css=&#8221;.vc_custom_1487603247176{margin-right: -62px !important;margin-left: -62px !important;}&#8221;][vc_column][vc_single_image image=&#8221;1406&#8243; img_size=&#8221;full&#8221; alignment=&#8221;center&#8221; css=&#8221;.vc_custom_1492511304179{margin-top: -50px !important;}&#8221;][vc_empty_space height=&#8221;50px&#8221;][\/vc_column][\/vc_row][vc_row][vc_column el_class=&#8221;title_ce&#8221;][vc_column_text]<\/p>\n<h1>Fair Trade<\/h1>\n<p>[\/vc_column_text][vc_empty_space height=&#8221;50px&#8221;][\/vc_column][\/vc_row][vc_row][vc_column width=&#8221;1\/3&#8243; css=&#8221;.vc_custom_1493904141799{margin-top: -100px !important;}&#8221; offset=&#8221;vc_hidden-xs&#8221;][vc_single_image image=&#8221;453&#8243; img_size=&#8221;full&#8221; alignment=&#8221;center&#8221;][vc_single_image image=&#8221;1443&#8243; img_size=&#8221;full&#8221; alignment=&#8221;center&#8221; css=&#8221;.vc_custom_1492519430882{margin-top: -100px !important;}&#8221;][\/vc_column][vc_column width=&#8221;1\/3&#8243; css=&#8221;.vc_custom_1491833189078{margin-top: -100px !important;}&#8221;][vc_single_image image=&#8221;1440&#8243; img_size=&#8221;full&#8221; alignment=&#8221;center&#8221;][vc_single_image image=&#8221;453&#8243; img_size=&#8221;full&#8221; alignment=&#8221;center&#8221; css=&#8221;.vc_custom_1493710260504{margin-top: -100px !important;}&#8221; el_class=&#8221;carre_1_ce&#8221;][\/vc_column][vc_column width=&#8221;1\/3&#8243; el_class=&#8221;col_text_lce&#8221;][vc_column_text css=&#8221;.vc_custom_1493035871271{margin-top: -6px !important;margin-right: 15px !important;margin-left: 20px !important;background-position: center !important;background-repeat: no-repeat !important;background-size: contain !important;}&#8221;]<\/p>\n<h2>Fair trade and us<\/h2>\n<p>As soon as the brand was created, it seemed obvious to us that the adventure in the world of organic chocolate should go along with that of fair trade.<\/p>\n<p>Elle repr\u00e9sente l&#8217;entraide entre les pays d\u00e9velopp\u00e9s du Nord, et les pays \u00e9mergents du sud. Cela fait maintenant plus de dix ans, que les chocolats bio Palais d\u2019\u00e9b\u00e8ne b\u00e9n\u00e9ficient du label \u00ab\u00a0Commerce Equitable\u00a0\u00bb, <a href=\"http:\/\/www.maxhavelaarfrance.org\/\"><strong>Max Havelaar France<\/strong>.<\/a><\/p>\n<p>It represents mutual assistance between the developed countries of the North and the emerging countries of the South. It\u2019s been more than ten years since the Palais d&#8217;Eb\u00e8ne organic chocolates benefited from the &#8220;Fair Trade&#8221; label, <strong><u>Max Havelaar France<\/u><\/strong>.<\/p>\n<p>Max Havelaar is an international solidarity association that represents the fair trade movement. Its objective is to enable farmers and employees in the emerging countries of the southern hemisphere to live off their job.<\/p>\n<p>The cocoa bean is grown by small producers in the shade of tropical forests. It is mainly consumed in the northern hemisphere.<\/p>\n<p>Since the cocoa market has become very important, some major groups have specialized in market controls. With other independent speculators, they set the exchange rates in the world and the supplies of the markets.<\/p>\n<p>The &#8220;Fair Trade&#8221; sector provides better remuneration for small cocoa producers. It allows them to live properly on the sales of their crops.<\/p>\n<p>Each of our FairTrade \/ Max Havelaar products is subject to regular checks, which are carried out by the independent certification body <strong><u>FLOCERT<\/u><\/strong>.<\/p>\n<p>The &#8220;FairTrade&#8221; label mentioned on our range of organic chocolates guarantees to our consumers that all these products on sale come from a &#8220;Fair Trade&#8221; process.[\/vc_column_text][vc_single_image image=&#8221;1672&#8243; img_size=&#8221;full&#8221; alignment=&#8221;center&#8221; css=&#8221;.vc_custom_1493035949841{margin-top: -68.5px !important;}&#8221; el_class=&#8221;img_3_ce&#8221;][\/vc_column][\/vc_row]<\/p>\n","protected":false},"excerpt":{"rendered":"<p>[vc_row css=&#8221;.vc_custom_1487603247176{margin-right: -62px !important;margin-left: -62px !important;}&#8221;][vc_column][vc_single_image image=&#8221;1406&#8243; img_size=&#8221;full&#8221; alignment=&#8221;center&#8221; css=&#8221;.vc_custom_1492511304179{margin-top: -50px !important;}&#8221;][vc_empty_space height=&#8221;50px&#8221;][\/vc_column][\/vc_row][vc_row][vc_column el_class=&#8221;title_ce&#8221;][vc_column_text] Fair Trade [\/vc_column_text][vc_empty_space height=&#8221;50px&#8221;][\/vc_column][\/vc_row][vc_row][vc_column width=&#8221;1\/3&#8243; css=&#8221;.vc_custom_1493904141799{margin-top: -100px !important;}&#8221; offset=&#8221;vc_hidden-xs&#8221;][vc_single_image image=&#8221;453&#8243; img_size=&#8221;full&#8221; alignment=&#8221;center&#8221;][vc_single_image<span class=\"excerpt-hellip\"> [\u2026]<\/span><\/p>\n","protected":false},"author":1,"featured_media":0,"parent":0,"menu_order":0,"comment_status":"closed","ping_status":"closed","template":"","meta":[],"yoast_head":"<!-- This site is optimized with the Yoast SEO plugin v19.11 - https:\/\/yoast.com\/wordpress\/plugins\/seo\/ -->\n<title>Fair Trade - Palais d&#039;\u00c9b\u00e8ne<\/title>\n<meta name=\"robots\" content=\"index, follow, max-snippet:-1, max-image-preview:large, max-video-preview:-1\" \/>\n<link rel=\"canonical\" href=\"https:\/\/palaisdebene.com\/en\/fair-trade\/\" \/>\n<meta property=\"og:locale\" content=\"en_GB\" \/>\n<meta property=\"og:type\" content=\"article\" \/>\n<meta property=\"og:title\" content=\"Fair Trade - Palais d&#039;\u00c9b\u00e8ne\" \/>\n<meta property=\"og:description\" content=\"[vc_row css=&#8221;.vc_custom_1487603247176{margin-right: -62px !important;margin-left: -62px !important;}&#8221;][vc_column][vc_single_image image=&#8221;1406&#8243; img_size=&#8221;full&#8221; alignment=&#8221;center&#8221; css=&#8221;.vc_custom_1492511304179{margin-top: -50px !important;}&#8221;][vc_empty_space height=&#8221;50px&#8221;][\/vc_column][\/vc_row][vc_row][vc_column el_class=&#8221;title_ce&#8221;][vc_column_text] Fair Trade [\/vc_column_text][vc_empty_space height=&#8221;50px&#8221;][\/vc_column][\/vc_row][vc_row][vc_column width=&#8221;1\/3&#8243; css=&#8221;.vc_custom_1493904141799{margin-top: -100px !important;}&#8221; offset=&#8221;vc_hidden-xs&#8221;][vc_single_image image=&#8221;453&#8243; img_size=&#8221;full&#8221; alignment=&#8221;center&#8221;][vc_single_image [\u2026]\" \/>\n<meta property=\"og:url\" content=\"https:\/\/palaisdebene.com\/en\/fair-trade\/\" \/>\n<meta property=\"og:site_name\" content=\"Palais d&#039;\u00c9b\u00e8ne\" \/>\n<meta property=\"article:modified_time\" content=\"2017-05-04T13:22:26+00:00\" \/>\n<meta name=\"twitter:card\" content=\"summary_large_image\" \/>\n<meta name=\"twitter:label1\" content=\"Estimated reading time\" \/>\n\t<meta name=\"twitter:data1\" content=\"2 minutes\" \/>\n<script type=\"application\/ld+json\" class=\"yoast-schema-graph\">{\"@context\":\"https:\/\/schema.org\",\"@graph\":[{\"@type\":\"WebPage\",\"@id\":\"https:\/\/palaisdebene.com\/en\/fair-trade\/\",\"url\":\"https:\/\/palaisdebene.com\/en\/fair-trade\/\",\"name\":\"Fair Trade - Palais d&#039;\u00c9b\u00e8ne\",\"isPartOf\":{\"@id\":\"https:\/\/palaisdebene.com\/#website\"},\"datePublished\":\"2017-04-24T12:11:33+00:00\",\"dateModified\":\"2017-05-04T13:22:26+00:00\",\"breadcrumb\":{\"@id\":\"https:\/\/palaisdebene.com\/en\/fair-trade\/#breadcrumb\"},\"inLanguage\":\"en-GB\",\"potentialAction\":[{\"@type\":\"ReadAction\",\"target\":[\"https:\/\/palaisdebene.com\/en\/fair-trade\/\"]}]},{\"@type\":\"BreadcrumbList\",\"@id\":\"https:\/\/palaisdebene.com\/en\/fair-trade\/#breadcrumb\",\"itemListElement\":[{\"@type\":\"ListItem\",\"position\":1,\"name\":\"Accueil\",\"item\":\"https:\/\/palaisdebene.com\/en\/\"},{\"@type\":\"ListItem\",\"position\":2,\"name\":\"Fair Trade\"}]},{\"@type\":\"WebSite\",\"@id\":\"https:\/\/palaisdebene.com\/#website\",\"url\":\"https:\/\/palaisdebene.com\/\",\"name\":\"Palais d&#039;\u00c9b\u00e8ne\",\"description\":\"Chocolats bio traditionnels\",\"potentialAction\":[{\"@type\":\"SearchAction\",\"target\":{\"@type\":\"EntryPoint\",\"urlTemplate\":\"https:\/\/palaisdebene.com\/?s={search_term_string}\"},\"query-input\":\"required name=search_term_string\"}],\"inLanguage\":\"en-GB\"}]}<\/script>\n<!-- \/ Yoast SEO plugin. -->","yoast_head_json":{"title":"Fair Trade - Palais d&#039;\u00c9b\u00e8ne","robots":{"index":"index","follow":"follow","max-snippet":"max-snippet:-1","max-image-preview":"max-image-preview:large","max-video-preview":"max-video-preview:-1"},"canonical":"https:\/\/palaisdebene.com\/en\/fair-trade\/","og_locale":"en_GB","og_type":"article","og_title":"Fair Trade - Palais d&#039;\u00c9b\u00e8ne","og_description":"[vc_row css=&#8221;.vc_custom_1487603247176{margin-right: -62px !important;margin-left: -62px !important;}&#8221;][vc_column][vc_single_image image=&#8221;1406&#8243; img_size=&#8221;full&#8221; alignment=&#8221;center&#8221; css=&#8221;.vc_custom_1492511304179{margin-top: -50px !important;}&#8221;][vc_empty_space height=&#8221;50px&#8221;][\/vc_column][\/vc_row][vc_row][vc_column el_class=&#8221;title_ce&#8221;][vc_column_text] Fair Trade [\/vc_column_text][vc_empty_space height=&#8221;50px&#8221;][\/vc_column][\/vc_row][vc_row][vc_column width=&#8221;1\/3&#8243; css=&#8221;.vc_custom_1493904141799{margin-top: -100px !important;}&#8221; offset=&#8221;vc_hidden-xs&#8221;][vc_single_image image=&#8221;453&#8243; img_size=&#8221;full&#8221; alignment=&#8221;center&#8221;][vc_single_image [\u2026]","og_url":"https:\/\/palaisdebene.com\/en\/fair-trade\/","og_site_name":"Palais d&#039;\u00c9b\u00e8ne","article_modified_time":"2017-05-04T13:22:26+00:00","twitter_card":"summary_large_image","twitter_misc":{"Estimated reading time":"2 minutes"},"schema":{"@context":"https:\/\/schema.org","@graph":[{"@type":"WebPage","@id":"https:\/\/palaisdebene.com\/en\/fair-trade\/","url":"https:\/\/palaisdebene.com\/en\/fair-trade\/","name":"Fair Trade - Palais d&#039;\u00c9b\u00e8ne","isPartOf":{"@id":"https:\/\/palaisdebene.com\/#website"},"datePublished":"2017-04-24T12:11:33+00:00","dateModified":"2017-05-04T13:22:26+00:00","breadcrumb":{"@id":"https:\/\/palaisdebene.com\/en\/fair-trade\/#breadcrumb"},"inLanguage":"en-GB","potentialAction":[{"@type":"ReadAction","target":["https:\/\/palaisdebene.com\/en\/fair-trade\/"]}]},{"@type":"BreadcrumbList","@id":"https:\/\/palaisdebene.com\/en\/fair-trade\/#breadcrumb","itemListElement":[{"@type":"ListItem","position":1,"name":"Accueil","item":"https:\/\/palaisdebene.com\/en\/"},{"@type":"ListItem","position":2,"name":"Fair Trade"}]},{"@type":"WebSite","@id":"https:\/\/palaisdebene.com\/#website","url":"https:\/\/palaisdebene.com\/","name":"Palais d&#039;\u00c9b\u00e8ne","description":"Chocolats bio traditionnels","potentialAction":[{"@type":"SearchAction","target":{"@type":"EntryPoint","urlTemplate":"https:\/\/palaisdebene.com\/?s={search_term_string}"},"query-input":"required name=search_term_string"}],"inLanguage":"en-GB"}]}},"_links":{"self":[{"href":"https:\/\/palaisdebene.com\/en\/wp-json\/wp\/v2\/pages\/1848"}],"collection":[{"href":"https:\/\/palaisdebene.com\/en\/wp-json\/wp\/v2\/pages"}],"about":[{"href":"https:\/\/palaisdebene.com\/en\/wp-json\/wp\/v2\/types\/page"}],"author":[{"embeddable":true,"href":"https:\/\/palaisdebene.com\/en\/wp-json\/wp\/v2\/users\/1"}],"replies":[{"embeddable":true,"href":"https:\/\/palaisdebene.com\/en\/wp-json\/wp\/v2\/comments?post=1848"}],"version-history":[{"count":8,"href":"https:\/\/palaisdebene.com\/en\/wp-json\/wp\/v2\/pages\/1848\/revisions"}],"predecessor-version":[{"id":2378,"href":"https:\/\/palaisdebene.com\/en\/wp-json\/wp\/v2\/pages\/1848\/revisions\/2378"}],"wp:attachment":[{"href":"https:\/\/palaisdebene.com\/en\/wp-json\/wp\/v2\/media?parent=1848"}],"curies":[{"name":"wp","href":"https:\/\/api.w.org\/{rel}","templated":true}]}}