{"id":2197,"date":"2017-04-28T14:55:25","date_gmt":"2017-04-28T12:55:25","guid":{"rendered":"https:\/\/palaisdebene.com\/?page_id=2197\/"},"modified":"2017-05-02T10:23:34","modified_gmt":"2017-05-02T08:23:34","slug":"hollows","status":"publish","type":"page","link":"https:\/\/palaisdebene.com\/en\/hollows\/","title":{"rendered":"Hollows"},"content":{"rendered":"<p>[vc_row css=&#8221;.vc_custom_1489679861014{margin-right: -62px !important;margin-left: -62px !important;}&#8221;][vc_column offset=&#8221;vc_hidden-xs&#8221;][vc_single_image image=&#8221;1406&#8243; img_size=&#8221;full&#8221; alignment=&#8221;center&#8221; css=&#8221;.vc_custom_1492604054151{margin-top: -50px !important;}&#8221;][vc_empty_space height=&#8221;50px&#8221;][\/vc_column][\/vc_row][vc_row][vc_column][vc_column_text css=&#8221;.vc_custom_1493384209362{margin-left: 10px !important;}&#8221;]<\/p>\n<h1>Our hollows<\/h1>\n<p>[\/vc_column_text][vc_empty_space height=&#8221;50px&#8221;][\/vc_column][\/vc_row][vc_row parallax=&#8221;content-moving-fade&#8221; parallax_image=&#8221;1745&#8243; parallax_speed_bg=&#8221;2.0&#8243; css=&#8221;.vc_custom_1493285778925{padding-bottom: 100px !important;}&#8221;][vc_column width=&#8221;1\/2&#8243; css=&#8221;.vc_custom_1493131343682{margin-top: 100px !important;background-color: #ffffff !important;}&#8221; offset=&#8221;vc_col-xs-9&#8243;][vc_column_text css=&#8221;.vc_custom_1492788663273{margin-right: 10px !important;margin-left: 20px !important;padding-bottom: 35px !important;}&#8221; el_class=&#8221;txt_mp&#8221;]Nos moulages de P\u00e2ques ne sont pas de simples chocolats.<\/p>\n<p>Leurs distinctions\u00a0? La qualit\u00e9\u00a0: nous faisons en sorte de confectionner des assortiments et moulages naturels et traditionnels. Pour cela, nous mettons un point d\u2019honneur \u00e0 s\u00e9lectionner minutieusement chacune des mati\u00e8res premi\u00e8res.<\/p>\n<p>Nous utilisons lors de la confection de nos produits de P\u00e2ques, du chocolat certifi\u00e9 pur beurre de cacao, garanti sans graisse v\u00e9g\u00e9tale ajout\u00e9e. De plus, tous les composants sont issus de l\u2019agriculture biologique et du commerce \u00e9quitable.<\/p>\n<p>Une attention particuli\u00e8re est aussi port\u00e9e sur le choix de nos moulages. Nous les s\u00e9lectionnons en fonction de leurs caract\u00e9ristiques techniques, favorisant une parfaite r\u00e9partition du chocolat, mais aussi de leurs formes. Il nous semble important de soigner l\u2019apparence de nos produits, car elle repr\u00e9sente \u00e0 nos yeux, et au votre, un \u00e9l\u00e9ment essentiel.<\/p>\n<p>Les moulages Palais d\u2019\u00e9b\u00e8ne sauront prendre place dans votre jardin, lors de la chasse aux \u0153ufs. Pour le plus grand plaisir de vos enfants.[\/vc_column_text][\/vc_column][vc_column width=&#8221;1\/2&#8243; offset=&#8221;vc_col-xs-2&#8243;][\/vc_column][\/vc_row][vc_row css=&#8221;.vc_custom_1492173991720{background-color: #f2d2b6 !important;}&#8221;][vc_column width=&#8221;1\/3&#8243;][vc_single_image image=&#8221;1605&#8243; img_size=&#8221;large&#8221; alignment=&#8221;center&#8221; onclick=&#8221;link_image&#8221; css_animation=&#8221;fadeIn&#8221; css=&#8221;.vc_custom_1492604429743{margin-top: -100px !important;}&#8221;][\/vc_column][vc_column width=&#8221;1\/3&#8243;][vc_single_image image=&#8221;1543&#8243; img_size=&#8221;large&#8221; alignment=&#8221;center&#8221; onclick=&#8221;link_image&#8221; css_animation=&#8221;fadeIn&#8221; css=&#8221;.vc_custom_1492604145886{margin-top: -100px !important;}&#8221;][\/vc_column][vc_column width=&#8221;1\/3&#8243;][vc_single_image image=&#8221;1542&#8243; img_size=&#8221;large&#8221; alignment=&#8221;center&#8221; onclick=&#8221;link_image&#8221; css_animation=&#8221;fadeIn&#8221; css=&#8221;.vc_custom_1492604162979{margin-top: -100px !important;}&#8221;][\/vc_column][\/vc_row][vc_row][vc_column][vc_empty_space][\/vc_column][\/vc_row][vc_row css=&#8221;.vc_custom_1492788912062{margin-top: -50px !important;}&#8221;][vc_column width=&#8221;1\/3&#8243; offset=&#8221;vc_hidden-xs&#8221;][vc_column_text]<\/p>\n<p style=\"text-align: center;\"><strong>Plump chicken \u2013 milk<\/strong><\/p>\n<hr \/>\n<p style=\"text-align: center;\"><strong>110 g<\/strong><\/p>\n<hr \/>\n<p style=\"text-align: center;\"><strong>Best before 12 month<\/strong><\/p>\n<hr \/>\n<p style=\"text-align: center;\"><strong>Characteristics: <\/strong><\/p>\n<p style=\"text-align: center;\">Milk chocolate 37% cocoa<\/p>\n<p style=\"text-align: center;\"><a href=\"#popup-69d34d3a14e32\" rel=\"prettyphoto\" class=\"popup-link\"><em>See ingredients<\/em><\/a><div id=\"popup-69d34d3a14e32\" class=\"popup-content\"><div class=\"popup-inner\" ><strong>Ingredients : <\/strong>Cane sugar*, cocoa butter*,whole milk powder*,cocoa dough*, vanilla powder*. May contain traces of <strong>nuts, soya and gluten<\/strong>. That product contains 95% of milk chocolate (minimum 37% cocoa).<\/div><\/div>\n<hr \/>\n<p style=\"text-align: center;\">*Products from organic farming and made in Normandy.<\/p>\n<p>[\/vc_column_text][\/vc_column][vc_column width=&#8221;1\/3&#8243; offset=&#8221;vc_hidden-xs&#8221;][vc_column_text]<\/p>\n<p style=\"text-align: center;\"><strong>White egg \u2013 milk decoration<\/strong><\/p>\n<hr \/>\n<p style=\"text-align: center;\"><strong>120 g<\/strong><\/p>\n<hr \/>\n<p style=\"text-align: center;\"><strong>Best before 12 month<\/strong><\/p>\n<hr \/>\n<p style=\"text-align: center;\"><strong>Characteristics: <\/strong><\/p>\n<p style=\"text-align: center;\">White chocolate<\/p>\n<p style=\"text-align: center;\"><a href=\"#popup-69d34d3a14e74\" rel=\"prettyphoto\" class=\"popup-link\"><em>See ingredients<\/em><\/a><div id=\"popup-69d34d3a14e74\" class=\"popup-content\"><div class=\"popup-inner\" ><strong>Ingredients : <\/strong>Cane sugar*, cocoa butter*,whole milk powder*,cocoa dough*, vanilla powder*. May contain traces of <strong>nuts, soya and gluten<\/strong>. That product contains 95% of white chocolate.<\/div><\/div>\n<hr \/>\n<p style=\"text-align: center;\">*Products from organic farming and made in Normandy.<\/p>\n<p>[\/vc_column_text][\/vc_column][vc_column width=&#8221;1\/3&#8243; offset=&#8221;vc_hidden-xs&#8221;][vc_column_text]<\/p>\n<p style=\"text-align: center;\"><strong>Bell \u2013 dark<\/strong><\/p>\n<hr \/>\n<p style=\"text-align: center;\"><strong>115 g<\/strong><\/p>\n<hr \/>\n<p style=\"text-align: center;\"><strong>Best before 12 month<\/strong><\/p>\n<hr \/>\n<p style=\"text-align: center;\"><strong>Characteristics: <\/strong><\/p>\n<p style=\"text-align: center;\">Dark chocolate 72% cocoa<\/p>\n<p style=\"text-align: center;\"><a href=\"#popup-69d34d3a14e93\" rel=\"prettyphoto\" class=\"popup-link\"><em>See ingredients<\/em><\/a><div id=\"popup-69d34d3a14e93\" class=\"popup-content\"><div class=\"popup-inner\" ><strong>Ingredients : <\/strong>Cane sugar*, cocoa butter*,whole milk powder*,cocoa dough*, vanilla powder*. May contain traces of <strong>nuts, soya and gluten<\/strong>. That product contains 95% of dark chocolate (minimum 72% cocoa).<\/div><\/div>\n<hr \/>\n<p style=\"text-align: center;\">*Products from organic farming and made in Normandy.<\/p>\n<p>[\/vc_column_text][\/vc_column][\/vc_row][vc_row][vc_column offset=&#8221;vc_hidden-xs&#8221;][vc_empty_space][\/vc_column][\/vc_row][vc_row parallax=&#8221;content-moving-fade&#8221; parallax_image=&#8221;1745&#8243; parallax_speed_bg=&#8221;2.0&#8243; css=&#8221;.vc_custom_1493713412559{padding-bottom: 450px !important;}&#8221; el_class=&#8221;row_moulages&#8221;][vc_column][\/vc_column][\/vc_row]<\/p>\n","protected":false},"excerpt":{"rendered":"<p>[vc_row css=&#8221;.vc_custom_1489679861014{margin-right: -62px !important;margin-left: -62px !important;}&#8221;][vc_column offset=&#8221;vc_hidden-xs&#8221;][vc_single_image image=&#8221;1406&#8243; img_size=&#8221;full&#8221; alignment=&#8221;center&#8221; css=&#8221;.vc_custom_1492604054151{margin-top: -50px !important;}&#8221;][vc_empty_space height=&#8221;50px&#8221;][\/vc_column][\/vc_row][vc_row][vc_column][vc_column_text css=&#8221;.vc_custom_1493384209362{margin-left: 10px !important;}&#8221;] Our hollows [\/vc_column_text][vc_empty_space height=&#8221;50px&#8221;][\/vc_column][\/vc_row][vc_row parallax=&#8221;content-moving-fade&#8221; parallax_image=&#8221;1745&#8243; parallax_speed_bg=&#8221;2.0&#8243; css=&#8221;.vc_custom_1493285778925{padding-bottom: 100px<span class=\"excerpt-hellip\"> [\u2026]<\/span><\/p>\n","protected":false},"author":1,"featured_media":0,"parent":0,"menu_order":0,"comment_status":"closed","ping_status":"closed","template":"","meta":[],"yoast_head":"<!-- This site is optimized with the Yoast SEO plugin v19.11 - https:\/\/yoast.com\/wordpress\/plugins\/seo\/ -->\n<title>Hollows - Palais d&#039;\u00c9b\u00e8ne<\/title>\n<meta name=\"robots\" content=\"index, follow, max-snippet:-1, max-image-preview:large, max-video-preview:-1\" \/>\n<link rel=\"canonical\" href=\"https:\/\/palaisdebene.com\/en\/hollows\/\" \/>\n<meta property=\"og:locale\" content=\"en_GB\" \/>\n<meta property=\"og:type\" content=\"article\" \/>\n<meta property=\"og:title\" content=\"Hollows - Palais d&#039;\u00c9b\u00e8ne\" \/>\n<meta property=\"og:description\" content=\"[vc_row css=&#8221;.vc_custom_1489679861014{margin-right: -62px !important;margin-left: -62px !important;}&#8221;][vc_column offset=&#8221;vc_hidden-xs&#8221;][vc_single_image image=&#8221;1406&#8243; img_size=&#8221;full&#8221; alignment=&#8221;center&#8221; css=&#8221;.vc_custom_1492604054151{margin-top: -50px !important;}&#8221;][vc_empty_space height=&#8221;50px&#8221;][\/vc_column][\/vc_row][vc_row][vc_column][vc_column_text css=&#8221;.vc_custom_1493384209362{margin-left: 10px !important;}&#8221;] Our hollows [\/vc_column_text][vc_empty_space height=&#8221;50px&#8221;][\/vc_column][\/vc_row][vc_row parallax=&#8221;content-moving-fade&#8221; parallax_image=&#8221;1745&#8243; parallax_speed_bg=&#8221;2.0&#8243; css=&#8221;.vc_custom_1493285778925{padding-bottom: 100px [\u2026]\" \/>\n<meta property=\"og:url\" content=\"https:\/\/palaisdebene.com\/en\/hollows\/\" \/>\n<meta property=\"og:site_name\" content=\"Palais d&#039;\u00c9b\u00e8ne\" \/>\n<meta property=\"article:modified_time\" content=\"2017-05-02T08:23:34+00:00\" \/>\n<meta name=\"twitter:card\" content=\"summary_large_image\" \/>\n<meta name=\"twitter:label1\" content=\"Estimated reading time\" \/>\n\t<meta name=\"twitter:data1\" content=\"3 minutes\" \/>\n<script type=\"application\/ld+json\" class=\"yoast-schema-graph\">{\"@context\":\"https:\/\/schema.org\",\"@graph\":[{\"@type\":\"WebPage\",\"@id\":\"https:\/\/palaisdebene.com\/en\/hollows\/\",\"url\":\"https:\/\/palaisdebene.com\/en\/hollows\/\",\"name\":\"Hollows - Palais d&#039;\u00c9b\u00e8ne\",\"isPartOf\":{\"@id\":\"https:\/\/palaisdebene.com\/#website\"},\"datePublished\":\"2017-04-28T12:55:25+00:00\",\"dateModified\":\"2017-05-02T08:23:34+00:00\",\"breadcrumb\":{\"@id\":\"https:\/\/palaisdebene.com\/en\/hollows\/#breadcrumb\"},\"inLanguage\":\"en-GB\",\"potentialAction\":[{\"@type\":\"ReadAction\",\"target\":[\"https:\/\/palaisdebene.com\/en\/hollows\/\"]}]},{\"@type\":\"BreadcrumbList\",\"@id\":\"https:\/\/palaisdebene.com\/en\/hollows\/#breadcrumb\",\"itemListElement\":[{\"@type\":\"ListItem\",\"position\":1,\"name\":\"Accueil\",\"item\":\"https:\/\/palaisdebene.com\/en\/\"},{\"@type\":\"ListItem\",\"position\":2,\"name\":\"Hollows\"}]},{\"@type\":\"WebSite\",\"@id\":\"https:\/\/palaisdebene.com\/#website\",\"url\":\"https:\/\/palaisdebene.com\/\",\"name\":\"Palais d&#039;\u00c9b\u00e8ne\",\"description\":\"Chocolats bio traditionnels\",\"potentialAction\":[{\"@type\":\"SearchAction\",\"target\":{\"@type\":\"EntryPoint\",\"urlTemplate\":\"https:\/\/palaisdebene.com\/?s={search_term_string}\"},\"query-input\":\"required name=search_term_string\"}],\"inLanguage\":\"en-GB\"}]}<\/script>\n<!-- \/ Yoast SEO plugin. -->","yoast_head_json":{"title":"Hollows - Palais d&#039;\u00c9b\u00e8ne","robots":{"index":"index","follow":"follow","max-snippet":"max-snippet:-1","max-image-preview":"max-image-preview:large","max-video-preview":"max-video-preview:-1"},"canonical":"https:\/\/palaisdebene.com\/en\/hollows\/","og_locale":"en_GB","og_type":"article","og_title":"Hollows - Palais d&#039;\u00c9b\u00e8ne","og_description":"[vc_row css=&#8221;.vc_custom_1489679861014{margin-right: -62px !important;margin-left: -62px !important;}&#8221;][vc_column offset=&#8221;vc_hidden-xs&#8221;][vc_single_image image=&#8221;1406&#8243; img_size=&#8221;full&#8221; alignment=&#8221;center&#8221; css=&#8221;.vc_custom_1492604054151{margin-top: -50px !important;}&#8221;][vc_empty_space height=&#8221;50px&#8221;][\/vc_column][\/vc_row][vc_row][vc_column][vc_column_text css=&#8221;.vc_custom_1493384209362{margin-left: 10px !important;}&#8221;] Our hollows [\/vc_column_text][vc_empty_space height=&#8221;50px&#8221;][\/vc_column][\/vc_row][vc_row parallax=&#8221;content-moving-fade&#8221; parallax_image=&#8221;1745&#8243; parallax_speed_bg=&#8221;2.0&#8243; css=&#8221;.vc_custom_1493285778925{padding-bottom: 100px [\u2026]","og_url":"https:\/\/palaisdebene.com\/en\/hollows\/","og_site_name":"Palais d&#039;\u00c9b\u00e8ne","article_modified_time":"2017-05-02T08:23:34+00:00","twitter_card":"summary_large_image","twitter_misc":{"Estimated reading time":"3 minutes"},"schema":{"@context":"https:\/\/schema.org","@graph":[{"@type":"WebPage","@id":"https:\/\/palaisdebene.com\/en\/hollows\/","url":"https:\/\/palaisdebene.com\/en\/hollows\/","name":"Hollows - Palais d&#039;\u00c9b\u00e8ne","isPartOf":{"@id":"https:\/\/palaisdebene.com\/#website"},"datePublished":"2017-04-28T12:55:25+00:00","dateModified":"2017-05-02T08:23:34+00:00","breadcrumb":{"@id":"https:\/\/palaisdebene.com\/en\/hollows\/#breadcrumb"},"inLanguage":"en-GB","potentialAction":[{"@type":"ReadAction","target":["https:\/\/palaisdebene.com\/en\/hollows\/"]}]},{"@type":"BreadcrumbList","@id":"https:\/\/palaisdebene.com\/en\/hollows\/#breadcrumb","itemListElement":[{"@type":"ListItem","position":1,"name":"Accueil","item":"https:\/\/palaisdebene.com\/en\/"},{"@type":"ListItem","position":2,"name":"Hollows"}]},{"@type":"WebSite","@id":"https:\/\/palaisdebene.com\/#website","url":"https:\/\/palaisdebene.com\/","name":"Palais d&#039;\u00c9b\u00e8ne","description":"Chocolats bio traditionnels","potentialAction":[{"@type":"SearchAction","target":{"@type":"EntryPoint","urlTemplate":"https:\/\/palaisdebene.com\/?s={search_term_string}"},"query-input":"required name=search_term_string"}],"inLanguage":"en-GB"}]}},"_links":{"self":[{"href":"https:\/\/palaisdebene.com\/en\/wp-json\/wp\/v2\/pages\/2197"}],"collection":[{"href":"https:\/\/palaisdebene.com\/en\/wp-json\/wp\/v2\/pages"}],"about":[{"href":"https:\/\/palaisdebene.com\/en\/wp-json\/wp\/v2\/types\/page"}],"author":[{"embeddable":true,"href":"https:\/\/palaisdebene.com\/en\/wp-json\/wp\/v2\/users\/1"}],"replies":[{"embeddable":true,"href":"https:\/\/palaisdebene.com\/en\/wp-json\/wp\/v2\/comments?post=2197"}],"version-history":[{"count":4,"href":"https:\/\/palaisdebene.com\/en\/wp-json\/wp\/v2\/pages\/2197\/revisions"}],"predecessor-version":[{"id":2278,"href":"https:\/\/palaisdebene.com\/en\/wp-json\/wp\/v2\/pages\/2197\/revisions\/2278"}],"wp:attachment":[{"href":"https:\/\/palaisdebene.com\/en\/wp-json\/wp\/v2\/media?parent=2197"}],"curies":[{"name":"wp","href":"https:\/\/api.w.org\/{rel}","templated":true}]}}